{"id":5,"date":"2022-03-15T19:05:30","date_gmt":"2022-03-15T18:05:30","guid":{"rendered":"https:\/\/www.lalogetheleme.fr\/demo\/?page_id=5"},"modified":"2026-03-13T11:29:32","modified_gmt":"2026-03-13T10:29:32","slug":"accueil","status":"publish","type":"page","link":"https:\/\/www.lascenetheleme.fr\/en\/","title":{"rendered":"Homepage"},"content":{"rendered":"<div>\n<p>        <img decoding=\"async\" src=\"\/wp-content\/uploads\/2023\/10\/5.png\" alt=\"\"><\/p>\n<h3>La Sc\u00e8ne Th\u00e9l\u00e8me vous accueille \ud83c\uddeb\ud83c\uddf7\ud83c\uddef\ud83c\uddf5<\/h3>\n<p><a href=\"\/restaurant-etoile-paris-michelin\/\">R\u00e9server une table<\/a><\/p>\n<\/div>\n<div>\n<p>        <img decoding=\"async\" src=\"\/wp-content\/uploads\/2024\/05\/9.jpg\" alt=\"\"><\/p>\n<h3>Carte sign\u00e9e Rudy Langlais<\/h3>\n<p><a href=\"\/carte\/\">D\u00e9couvrez le menu<\/a><\/p>\n<\/div>\n<div>\n<h3>LA SC\u00c8NE TH\u00c9L\u00c8ME<\/h3>\n<div>\n<p><strong>\u00a0<\/strong><strong><img loading=\"lazy\" decoding=\"async\" src=\"https:\/\/www.lascenetheleme.fr\/wp-content\/uploads\/2022\/06\/download.png\" alt=\"\" width=\"34\" height=\"50\" class=\"alignnone wp-image-162\" \/>\u00a0 \u00a018 Rue Troyon &#8211; 75O17 Paris <br \/><\/strong>Tel : <a href=\"mailto:contact@lascenetheleme.fr\"><\/a>+33 1 77 37 60 99<br \/><a href=\"mailto:contact@lascenetheleme.fr\">contact@lascenetheleme.fr<\/a><strong><\/strong><\/p>\n<\/div>\n<\/div>\n<div>\n<p>48.876,2.29545<\/p>\n<\/div>\n<div>\n<p>        <img decoding=\"async\" src=\"\/wp-content\/uploads\/2025\/11\/L1030798-scaled.jpg\" alt=\"\"><\/p>\n<p><a href=\"\/team\/\">TEAM TH\u00c9L\u00c8ME<\/a><\/p>\n<\/div>\n<div>\n<p>        <img decoding=\"async\" src=\"\/wp-content\/uploads\/2025\/07\/Design-sans-titre-77.jpg\" alt=\"\"><\/p>\n<p><a href=\"\/about\/\">ABOUT LA SC\u00c8NE TH\u00c9L\u00c8ME<\/a><\/p>\n<\/div>\n<div>\n<p>        <img decoding=\"async\" src=\"\/wp-content\/uploads\/2025\/07\/Design-sans-titre-78.jpg\" alt=\"\"><\/p>\n<p><a href=\"\/sommellerie\/\">PARLONS VIN !<\/a><\/p>\n<\/div>\n<div>\n<p>        <img decoding=\"async\" src=\"\/wp-content\/uploads\/2024\/05\/Design-sans-titre-48.jpg\" alt=\"\"><\/p>\n<p><a href=\"\/category\/news\/\">TOUTES NOS ACTUS<\/a><\/p>\n<\/div>\n<div>\n<p>        <img decoding=\"async\" src=\"\/wp-content\/uploads\/2022\/09\/carte-invitation-thelem-scaled.jpg\" alt=\"\"><\/p>\n<p><a href=\"https:\/\/lascenetheleme.secretbox.fr\/\">Offrir en cadeau <\/a><\/p>\n<\/div>\n<div>\n<\/div>\n<div>Bon app\u00e9tit !<\/div>\n<p><!--more--><br \/>\n<!-- {\"name\":\"Accueil\",\"type\":\"layout\",\"children\":[{\"type\":\"section\",\"props\":{\"class\":\"uk-text-center\",\"css\":\"@media (min-width: 1200px) {\\n    .el-section {margin-top: -80px !important}\\n}\",\"header_transparent\":false,\"header_transparent_noplaceholder\":false,\"image_position\":\"center-center\",\"padding\":\"none\",\"padding_remove_bottom\":false,\"padding_remove_top\":false,\"style\":\"default\",\"title_breakpoint\":\"xl\",\"title_position\":\"top-left\",\"title_rotation\":\"left\",\"vertical_align\":\"\",\"width\":\"\"},\"children\":[{\"type\":\"row\",\"children\":[{\"type\":\"column\",\"props\":{\"image_position\":\"center-center\",\"image_size\":\"cover\",\"padding\":\"none\",\"position_sticky_breakpoint\":\"m\",\"width_medium\":\"1-2\"},\"children\":[{\"type\":\"overlay-fluid\",\"props\":{\"class\":\"book-button\",\"hover_image\":\"\",\"image\":\"wp-content\\\/uploads\\\/2023\\\/10\\\/5.png\",\"image_height\":\"3000\",\"image_transition\":\"scale-up\",\"image_width\":\"2000\",\"link\":\"restaurant-etoile-paris-michelin\\\/\",\"link_en_gb\":\"en\\\/restaurant-etoile-paris-michelin\\\/\",\"link_fullwidth\":false,\"link_margin\":\"medium\",\"link_size\":\"large\",\"link_style\":\"primary\",\"link_text\":\"R\\u00e9server une table\",\"link_text_en_gb\":\"RESERVE A TABLE\",\"margin\":\"default\",\"meta_align\":\"below-title\",\"meta_element\":\"div\",\"meta_style\":\"meta\",\"overlay_hover\":false,\"overlay_link\":true,\"overlay_mode\":\"cover\",\"overlay_position\":\"center\",\"overlay_style\":\"\",\"overlay_transition\":\"fade\",\"overlay_transition_background\":true,\"text_align\":\"center\",\"text_color\":\"light\",\"title\":\"La Sc\\u00e8ne Th\\u00e9l\\u00e8me vous accueille \\ud83c\\uddeb\\ud83c\\uddf7\\ud83c\\uddef\\ud83c\\uddf5\",\"title_element\":\"h3\",\"title_en_gb\":\"Experience a Michelin-starred French\\u2013Japanese journey\",\"title_hover_style\":\"reset\",\"title_style\":\"h2\"}}]},{\"type\":\"column\",\"props\":{\"image_position\":\"center-center\",\"image_size\":\"cover\",\"position_sticky_breakpoint\":\"m\",\"width_medium\":\"1-2\"},\"children\":[{\"type\":\"overlay-fluid\",\"props\":{\"hover_image\":\"\",\"image\":\"wp-content\\\/uploads\\\/2024\\\/05\\\/9.jpg\",\"image_height\":\"3000\",\"image_transition\":\"scale-up\",\"image_width\":\"2000\",\"link\":\"\\\/carte\\\/\",\"link_en_gb\":\"en\\\/carte\\\/\",\"link_margin\":\"medium\",\"link_size\":\"large\",\"link_style\":\"default\",\"link_text\":\"D\\u00e9couvrez le menu\",\"link_text_en_gb\":\"SEE THE MENU\",\"margin\":\"default\",\"meta_align\":\"below-title\",\"meta_element\":\"div\",\"meta_style\":\"meta\",\"overlay_hover\":false,\"overlay_link\":true,\"overlay_mode\":\"cover\",\"overlay_position\":\"center\",\"overlay_style\":\"\",\"overlay_transition\":\"fade\",\"overlay_transition_background\":true,\"text_align\":\"center\",\"text_color\":\"light\",\"title\":\"Carte sign\\u00e9e Rudy Langlais\",\"title_element\":\"h3\",\"title_en_gb\":\"Discover Th\\u00e9l\\u00e8me\\u2019s new menu by Rudy Langlais\",\"title_hover_style\":\"reset\",\"title_link\":false,\"title_style\":\"h2\"}}]}],\"props\":{\"column_gap\":\"collapse\",\"layout\":\"1-2,1-2\",\"row_gap\":\"collapse\"}},{\"type\":\"row\",\"children\":[{\"type\":\"column\",\"props\":{\"class\":\"uk-flex uk-flex-column\",\"css\":\".el-column > .uk-tile {\\n    display: flex;\\n    flex-direction: column;\\nbackground: #e9e6dc}\",\"image_position\":\"center-center\",\"image_size\":\"cover\",\"padding\":\"none\",\"position_sticky_breakpoint\":\"m\",\"style\":\"tile-default\",\"width_medium\":\"1-2\"},\"children\":[{\"type\":\"description_list\",\"props\":{\"class\":\"uk-card uk-card-body\",\"column_breakpoint\":\"m\",\"layout\":\"stacked\",\"list_element\":\"ul\",\"margin_remove_bottom\":true,\"meta_align\":\"below-content\",\"meta_style\":\"text-meta\",\"show_content\":true,\"show_link\":true,\"show_meta\":true,\"show_title\":true,\"text_align\":\"left\",\"title_color\":\"primary\",\"title_element\":\"div\",\"title_grid_column_gap\":\"small\",\"title_grid_row_gap\":\"small\",\"title_grid_width\":\"auto\",\"title_style\":\"h3\"},\"children\":[{\"type\":\"description_list_item\",\"props\":{\"content\":\"\n\n<p><strong>\\u00a0<\\\/strong><strong><img src=\\\"https:\\\/\\\/www.lascenetheleme.fr\\\/wp-content\\\/uploads\\\/2022\\\/06\\\/download.png\\\" alt=\\\"\\\" width=\\\"34\\\" height=\\\"50\\\" class=\\\"alignnone wp-image-162\\\" \\\/>\\u00a0 \\u00a018 Rue Troyon - 75O17 Paris <br \\\/><\\\/strong>Tel : <a href=\\\"mailto:contact@lascenetheleme.fr\\\"><\\\/a>+33 1 77 37 60 99<br \\\/><a href=\\\"mailto:contact@lascenetheleme.fr\\\">contact@lascenetheleme.fr<\\\/a><strong><\\\/strong><\\\/p>\",\"title\":\"LA SC\\u00c8NE TH\\u00c9L\\u00c8ME\"}}]},{\"type\":\"map\",\"props\":{\"controls\":true,\"css\":\".el-element {\\n    flex: 1 0 0%;\\n    min-height: 500px;\\n    z-index: 0;\\n}\",\"dragging\":true,\"image_svg_color\":\"emphasis\",\"link_style\":\"default\",\"link_text\":\"Read more\",\"margin\":\"remove-vertical\",\"marker_icon\":\"wp-content\\\/uploads\\\/2022\\\/06\\\/download.png\",\"max_zoom\":18,\"meta_align\":\"below-title\",\"meta_element\":\"div\",\"meta_style\":\"text-meta\",\"min_zoom\":0,\"poi\":false,\"show_content\":true,\"show_image\":true,\"show_link\":true,\"show_meta\":true,\"show_title\":true,\"styler_hue\":\"#FFFFFF\",\"styler_lightness\":\"4\",\"styler_saturation\":\"-99\",\"title_element\":\"h3\",\"title_hover_style\":\"reset\",\"type\":\"roadmap\",\"zoom\":\"16\",\"zooming\":false},\"children\":[{\"type\":\"map_item\",\"props\":{\"location\":\"48.876,2.29545\"}}]}]},{\"type\":\"column\",\"props\":{\"image_position\":\"center-center\",\"image_size\":\"cover\",\"position_sticky_breakpoint\":\"m\",\"width_medium\":\"1-2\"},\"children\":[{\"type\":\"overlay-fluid\",\"props\":{\"hover_image\":\"\",\"image\":\"wp-content\\\/uploads\\\/2025\\\/11\\\/L1030798-scaled.jpg\",\"image_height\":\"3000\",\"image_transition\":\"scale-up\",\"image_width\":\"2000\",\"link\":\"team\\\/\",\"link_en_gb\":\"\\\/en\\\/team\\\/\",\"link_size\":\"large\",\"link_style\":\"primary\",\"link_text\":\"TEAM TH\\u00c9L\\u00c8ME\",\"link_text_en_gb\":\"THE CHEF & THE TEAM\",\"margin\":\"default\",\"meta_align\":\"below-title\",\"meta_element\":\"div\",\"meta_style\":\"meta\",\"overlay_hover\":false,\"overlay_link\":true,\"overlay_mode\":\"cover\",\"overlay_position\":\"center\",\"overlay_style\":\"\",\"overlay_transition\":\"fade\",\"overlay_transition_background\":true,\"text_align\":\"center\",\"text_color\":\"light\",\"title\":\"\",\"title_element\":\"h3\",\"title_hover_style\":\"reset\"}}]}],\"props\":{\"column_gap\":\"collapse\",\"layout\":\"1-2,1-2\",\"row_gap\":\"collapse\"}},{\"type\":\"row\",\"children\":[{\"type\":\"column\",\"props\":{\"image_position\":\"center-center\",\"image_size\":\"cover\",\"padding\":\"none\",\"position_sticky_breakpoint\":\"m\",\"width_medium\":\"1-2\"},\"children\":[{\"type\":\"overlay-fluid\",\"props\":{\"hover_image\":\"\",\"image\":\"wp-content\\\/uploads\\\/2025\\\/07\\\/Design-sans-titre-77.jpg\",\"image_height\":\"3000\",\"image_transition\":\"scale-up\",\"image_width\":\"2000\",\"link\":\"about\\\/\",\"link_en_gb\":\"\\\/en\\\/about\\\/\",\"link_size\":\"large\",\"link_style\":\"default\",\"link_text\":\"ABOUT LA SC\\u00c8NE TH\\u00c9L\\u00c8ME\",\"link_text_en_gb\":\"ABOUT LA SC\\u00c8NE TH\\u00c9L\\u00c8ME\",\"margin\":\"default\",\"meta_align\":\"below-title\",\"meta_element\":\"div\",\"meta_style\":\"meta\",\"overlay_hover\":false,\"overlay_link\":true,\"overlay_mode\":\"cover\",\"overlay_position\":\"center\",\"overlay_style\":\"\",\"overlay_transition\":\"fade\",\"overlay_transition_background\":true,\"text_align\":\"center\",\"text_color\":\"light\",\"title\":\"\",\"title_element\":\"h3\",\"title_hover_style\":\"reset\"}}]},{\"type\":\"column\",\"props\":{\"image_position\":\"center-center\",\"image_size\":\"cover\",\"position_sticky_breakpoint\":\"m\",\"width_medium\":\"1-2\"},\"children\":[{\"type\":\"overlay-fluid\",\"props\":{\"hover_image\":\"\",\"image\":\"wp-content\\\/uploads\\\/2025\\\/07\\\/Design-sans-titre-78.jpg\",\"image_height\":\"3000\",\"image_transition\":\"scale-up\",\"image_width\":\"2000\",\"link\":\"\\\/sommellerie\\\/\",\"link_en_gb\":\"\\\/en\\\/sommellerie\\\/\",\"link_size\":\"large\",\"link_style\":\"primary\",\"link_text\":\"PARLONS VIN !\",\"link_text_en_gb\":\"LET\\u2019S TALK ABOUT WINE\",\"margin\":\"default\",\"meta_align\":\"below-title\",\"meta_element\":\"div\",\"meta_style\":\"meta\",\"overlay_hover\":false,\"overlay_link\":true,\"overlay_mode\":\"cover\",\"overlay_position\":\"center\",\"overlay_style\":\"\",\"overlay_transition\":\"fade\",\"overlay_transition_background\":true,\"text_align\":\"center\",\"text_color\":\"light\",\"title\":\"\",\"title_element\":\"h3\",\"title_hover_style\":\"reset\"}}]}],\"props\":{\"column_gap\":\"collapse\",\"layout\":\"1-2,1-2\",\"row_gap\":\"collapse\"}},{\"type\":\"row\",\"children\":[{\"type\":\"column\",\"props\":{\"image_position\":\"center-center\",\"image_size\":\"cover\",\"padding\":\"none\",\"position_sticky_breakpoint\":\"m\",\"width_medium\":\"1-2\"},\"children\":[{\"type\":\"overlay-fluid\",\"props\":{\"hover_image\":\"\",\"image\":\"wp-content\\\/uploads\\\/2024\\\/05\\\/Design-sans-titre-48.jpg\",\"image_height\":\"3000\",\"image_transition\":\"scale-up\",\"image_width\":\"2000\",\"link\":\"\\\/category\\\/news\\\/\",\"link_en_gb\":\"en\\\/category\\\/news\\\/\",\"link_size\":\"large\",\"link_style\":\"primary\",\"link_text\":\"TOUTES NOS ACTUS\",\"link_text_en_gb\":\"OUR NEWS\",\"margin\":\"default\",\"meta_align\":\"below-title\",\"meta_element\":\"div\",\"meta_style\":\"meta\",\"overlay_hover\":false,\"overlay_link\":true,\"overlay_mode\":\"cover\",\"overlay_position\":\"center\",\"overlay_style\":\"\",\"overlay_transition\":\"fade\",\"overlay_transition_background\":true,\"text_align\":\"center\",\"text_color\":\"light\",\"title\":\"\",\"title_element\":\"h3\",\"title_hover_style\":\"reset\"}}]},{\"type\":\"column\",\"props\":{\"image_position\":\"center-center\",\"image_size\":\"cover\",\"position_sticky_breakpoint\":\"m\",\"width_medium\":\"1-2\"},\"children\":[{\"type\":\"overlay-fluid\",\"props\":{\"hover_image\":\"\",\"image\":\"wp-content\\\/uploads\\\/2022\\\/09\\\/carte-invitation-thelem-scaled.jpg\",\"image_height\":\"3000\",\"image_transition\":\"scale-up\",\"image_width\":\"2000\",\"link\":\"https:\\\/\\\/lascenetheleme.secretbox.fr\\\/\",\"link_en_gb\":\"https:\\\/\\\/lascenetheleme.secretbox.fr\\\/\",\"link_size\":\"large\",\"link_style\":\"default\",\"link_target\":true,\"link_text\":\"Offrir en cadeau \",\"link_text_en_gb\":\"GIVE A GIFT\",\"margin\":\"default\",\"meta_align\":\"below-title\",\"meta_element\":\"div\",\"meta_style\":\"meta\",\"overlay_hover\":false,\"overlay_link\":true,\"overlay_mode\":\"cover\",\"overlay_position\":\"center\",\"overlay_style\":\"\",\"overlay_transition\":\"fade\",\"overlay_transition_background\":true,\"text_align\":\"center\",\"text_color\":\"light\",\"title\":\"\",\"title_element\":\"h3\",\"title_hover_style\":\"reset\"}}]}],\"props\":{\"column_gap\":\"collapse\",\"layout\":\"1-2,1-2\",\"row_gap\":\"collapse\"}}]},{\"type\":\"section\",\"props\":{\"animation\":\"fade\",\"image_position\":\"center-center\",\"style\":\"default\",\"title_breakpoint\":\"xl\",\"title_position\":\"top-left\",\"title_rotation\":\"left\",\"vertical_align\":\"\",\"width\":\"default\",\"width_expand\":\"right\"},\"children\":[{\"type\":\"row\",\"children\":[{\"type\":\"column\",\"props\":{\"image_position\":\"center-center\",\"position_sticky_breakpoint\":\"m\"},\"children\":[{\"type\":\"instagram-slider\",\"props\":{\"account_url\":\"https:\\\/\\\/www.instagram.com\\\/lascenetheleme\",\"account_url_en_gb\":\"https:\\\/\\\/www.instagram.com\\\/lascenetheleme\",\"button_text\":\"S'abonner\",\"button_text_en_gb\":\"Subscribe\",\"content_column_breakpoint\":\"m\",\"followers\":\"5.3K food lovers\",\"followers_en_gb\":\"3,5K followers\",\"icon_width\":80,\"image_align\":\"top\",\"image_grid_breakpoint\":\"m\",\"image_grid_width\":\"1-2\",\"image_height\":\"600\",\"image_svg_color\":\"emphasis\",\"image_width\":\"600\",\"link_phrase\":\"Vivre l'exp\\u00e9rience Th\\u00e9l\\u00e8me c'est par ici \",\"link_phrase_en_gb\":\"Live the Th\\u00e9l\\u00e8me experience here\",\"link_style\":\"default\",\"link_text\":\"\",\"margin\":\"default\",\"meta_align\":\"below-title\",\"meta_element\":\"div\",\"meta_style\":\"meta\",\"nav\":\"\",\"nav_align\":\"center\",\"nav_breakpoint\":\"s\",\"panel_card_match\":true,\"panel_link\":true,\"profile_picture\":\"wp-content\\\/uploads\\\/2022\\\/04\\\/PICTO_seul.svg\",\"show_content\":true,\"show_image\":true,\"show_link\":true,\"show_meta\":true,\"show_title\":true,\"slidenav\":\"outside-top-right\",\"slidenav_breakpoint\":\"m\",\"slidenav_margin\":\"medium\",\"slidenav_outside_breakpoint\":\"xl\",\"slider_autoplay_pause\":true,\"slider_gap\":\"default\",\"slider_width\":\"fixed\",\"slider_width_default\":\"1-1\",\"slider_width_medium\":\"1-3\",\"title_align\":\"top\",\"title_element\":\"h3\",\"title_grid_breakpoint\":\"m\",\"title_grid_width\":\"1-2\",\"title_hover_style\":\"reset\",\"username\":\"@lascenetheleme\",\"username_en_gb\":\"@lascenetheleme\"},\"children\":[{\"type\":\"instagram-slider_item\",\"source\":{\"props\":{\"link\":{\"filters\":{\"search\":\"\"},\"name\":\"permalink\"},\"image\":{\"filters\":{\"search\":\"\"},\"name\":\"media_url\"}},\"query\":{\"name\":\"instagramB5A198.media\",\"arguments\":{\"media_type\":\"all\",\"offset\":0,\"limit\":20}}}}]},{\"type\":\"headline\",\"props\":{\"animation\":\"parallax\",\"class\":\"uk-text-bold\",\"content\":\"Bon app\\u00e9tit !\",\"content_en_gb\":\"Bon app\\u00e9tit\",\"margin\":\"remove-vertical\",\"parallax_easing\":\"-1.4\",\"parallax_x\":\"-300,0\",\"position\":\"absolute\",\"position_bottom\":\"20\",\"title_color\":\"primary\",\"title_element\":\"div\",\"title_style\":\"heading-large\"}}]}]}]}],\"version\":\"4.5.1\",\"yooessentialsVersion\":\"2.3.0-beta.20\"} --><\/p>\n","protected":false},"excerpt":{"rendered":"<p>La Sc\u00e8ne Th\u00e9l\u00e8me vous accueille \ud83c\uddeb\ud83c\uddf7\ud83c\uddef\ud83c\uddf5 R\u00e9server une table Carte sign\u00e9e Rudy Langlais D\u00e9couvrez le menu LA SC\u00c8NE TH\u00c9L\u00c8ME \u00a0\u00a0 \u00a018 Rue Troyon &#8211; 75O17 Paris Tel : +33 1 77 37 60 99contact@lascenetheleme.fr 48.876,2.29545 TEAM TH\u00c9L\u00c8ME ABOUT LA SC\u00c8NE TH\u00c9L\u00c8ME PARLONS VIN ! TOUTES NOS ACTUS Offrir en cadeau Bon app\u00e9tit !<\/p>\n","protected":false},"author":1,"featured_media":0,"parent":0,"menu_order":0,"comment_status":"closed","ping_status":"closed","template":"","meta":{"footnotes":""},"class_list":["post-5","page","type-page","status-publish","hentry"],"acf":[],"yoast_head":"<!-- This site is optimized with the Yoast SEO plugin v24.3 - https:\/\/yoast.com\/wordpress\/plugins\/seo\/ -->\n<title>\u2192 La Sc\u00e8ne Th\u00e9l\u00e8me - Restaurant \u00e9toil\u00e9 \u00e0 Paris 17 - Chef Rudy Langlais<\/title>\n<meta name=\"description\" content=\"Tout pr\u00e8s des Champs-\u00c9lys\u00e9es, La Sc\u00e8ne Th\u00e9l\u00e8me est un spot unique \u00e0 Paris. Restaurant \u00e9toil\u00e9 et th\u00e9\u00e2tre. Chef: Rudy Langlais. R\u00e9sas 01-773-760-99.\" \/>\n<meta name=\"robots\" content=\"index, follow, max-snippet:-1, max-image-preview:large, max-video-preview:-1\" \/>\n<link rel=\"canonical\" href=\"https:\/\/www.lascenetheleme.fr\/en\/\" \/>\n<meta property=\"og:locale\" content=\"en_GB\" \/>\n<meta property=\"og:type\" content=\"article\" \/>\n<meta property=\"og:title\" content=\"\u2192 La Sc\u00e8ne Th\u00e9l\u00e8me - Restaurant \u00e9toil\u00e9 \u00e0 Paris 17 - Chef Rudy Langlais\" \/>\n<meta property=\"og:description\" content=\"Tout pr\u00e8s des Champs-\u00c9lys\u00e9es, La Sc\u00e8ne Th\u00e9l\u00e8me est un spot unique \u00e0 Paris. Restaurant \u00e9toil\u00e9 et th\u00e9\u00e2tre. Chef: Rudy Langlais. R\u00e9sas 01-773-760-99.\" \/>\n<meta property=\"og:url\" content=\"https:\/\/www.lascenetheleme.fr\/en\/\" \/>\n<meta property=\"og:site_name\" content=\"La Sc\u00e8ne Th\u00e9l\u00e8me\" \/>\n<meta property=\"article:publisher\" content=\"https:\/\/www.facebook.com\/lascenetheleme\" \/>\n<meta property=\"article:modified_time\" content=\"2026-03-13T10:29:32+00:00\" \/>\n<meta property=\"og:image\" content=\"https:\/\/www.lascenetheleme.fr\/wp-content\/uploads\/2022\/06\/download.png\" \/>\n<meta name=\"twitter:card\" content=\"summary_large_image\" \/>\n<meta name=\"twitter:label1\" content=\"Estimated reading time\" \/>\n\t<meta name=\"twitter:data1\" content=\"3 minutes\" \/>\n<script type=\"application\/ld+json\" class=\"yoast-schema-graph\">{\"@context\":\"https:\/\/schema.org\",\"@graph\":[{\"@type\":\"WebPage\",\"@id\":\"https:\/\/www.lascenetheleme.fr\/en\/en\/\",\"url\":\"https:\/\/www.lascenetheleme.fr\/en\/en\/\",\"name\":\"\u2192 La Sc\u00e8ne Th\u00e9l\u00e8me - Restaurant \u00e9toil\u00e9 \u00e0 Paris 17 - Chef Rudy Langlais\",\"isPartOf\":{\"@id\":\"https:\/\/www.lascenetheleme.fr\/#website\"},\"primaryImageOfPage\":{\"@id\":\"https:\/\/www.lascenetheleme.fr\/en\/#primaryimage\"},\"image\":{\"@id\":\"https:\/\/www.lascenetheleme.fr\/en\/#primaryimage\"},\"thumbnailUrl\":\"https:\/\/www.lascenetheleme.fr\/wp-content\/uploads\/2022\/06\/download.png\",\"datePublished\":\"2022-03-15T18:05:30+00:00\",\"dateModified\":\"2026-03-13T10:29:32+00:00\",\"description\":\"Tout pr\u00e8s des Champs-\u00c9lys\u00e9es, La Sc\u00e8ne Th\u00e9l\u00e8me est un spot unique \u00e0 Paris. Restaurant \u00e9toil\u00e9 et th\u00e9\u00e2tre. Chef: Rudy Langlais. R\u00e9sas 01-773-760-99.\",\"breadcrumb\":{\"@id\":\"https:\/\/www.lascenetheleme.fr\/en\/#breadcrumb\"},\"inLanguage\":\"en-GB\",\"potentialAction\":[{\"@type\":\"ReadAction\",\"target\":[\"https:\/\/www.lascenetheleme.fr\/en\/\"]}]},{\"@type\":\"ImageObject\",\"inLanguage\":\"en-GB\",\"@id\":\"https:\/\/www.lascenetheleme.fr\/en\/#primaryimage\",\"url\":\"https:\/\/www.lascenetheleme.fr\/wp-content\/uploads\/2022\/06\/download.png\",\"contentUrl\":\"https:\/\/www.lascenetheleme.fr\/wp-content\/uploads\/2022\/06\/download.png\"},{\"@type\":\"BreadcrumbList\",\"@id\":\"https:\/\/www.lascenetheleme.fr\/en\/#breadcrumb\",\"itemListElement\":[{\"@type\":\"ListItem\",\"position\":1,\"name\":\"Homepage\",\"item\":\"https:\/\/www.lascenetheleme.fr\/\"},{\"@type\":\"ListItem\",\"position\":2,\"name\":\"Homepage\"}]},{\"@type\":\"WebSite\",\"@id\":\"https:\/\/www.lascenetheleme.fr\/en\/#website\",\"url\":\"https:\/\/www.lascenetheleme.fr\/en\/\",\"name\":\"La Sc\u00e8ne Th\u00e9l\u00e8me\",\"description\":\"\",\"publisher\":{\"@id\":\"https:\/\/www.lascenetheleme.fr\/en\/#organization\"},\"potentialAction\":[{\"@type\":\"SearchAction\",\"target\":{\"@type\":\"EntryPoint\",\"urlTemplate\":\"https:\/\/www.lascenetheleme.fr\/en\/?s={search_term_string}\"},\"query-input\":{\"@type\":\"PropertyValueSpecification\",\"valueRequired\":true,\"valueName\":\"search_term_string\"}}],\"inLanguage\":\"en-GB\"},{\"@type\":\"Organization\",\"@id\":\"https:\/\/www.lascenetheleme.fr\/en\/#organization\",\"name\":\"La Sc\u00e8ne Th\u00e9l\u00e8me\",\"url\":\"https:\/\/www.lascenetheleme.fr\/en\/\",\"logo\":{\"@type\":\"ImageObject\",\"inLanguage\":\"en-GB\",\"@id\":\"https:\/\/www.lascenetheleme.fr\/en\/#\/schema\/logo\/image\/\",\"url\":\"https:\/\/www.lascenetheleme.fr\/wp-content\/uploads\/2022\/09\/picto-thelem.svg\",\"contentUrl\":\"https:\/\/www.lascenetheleme.fr\/wp-content\/uploads\/2022\/09\/picto-thelem.svg\",\"width\":1,\"height\":1,\"caption\":\"La Sc\u00e8ne Th\u00e9l\u00e8me\"},\"image\":{\"@id\":\"https:\/\/www.lascenetheleme.fr\/en\/#\/schema\/logo\/image\/\"},\"sameAs\":[\"https:\/\/www.facebook.com\/lascenetheleme\",\"https:\/\/www.instagram.com\/lascenetheleme\/\",\"https:\/\/www.youtube.com\/channel\/UCbf3sqq557yeXEi24RPp9vg\"]}]}<\/script>\n<!-- \/ Yoast SEO plugin. -->","yoast_head_json":{"title":"\u2192 La Sc\u00e8ne Th\u00e9l\u00e8me - Restaurant \u00e9toil\u00e9 \u00e0 Paris 17 - Chef Rudy Langlais","description":"Tout pr\u00e8s des Champs-\u00c9lys\u00e9es, La Sc\u00e8ne Th\u00e9l\u00e8me est un spot unique \u00e0 Paris. Restaurant \u00e9toil\u00e9 et th\u00e9\u00e2tre. Chef: Rudy Langlais. R\u00e9sas 01-773-760-99.","robots":{"index":"index","follow":"follow","max-snippet":"max-snippet:-1","max-image-preview":"max-image-preview:large","max-video-preview":"max-video-preview:-1"},"canonical":"https:\/\/www.lascenetheleme.fr\/en\/","og_locale":"en_GB","og_type":"article","og_title":"\u2192 La Sc\u00e8ne Th\u00e9l\u00e8me - Restaurant \u00e9toil\u00e9 \u00e0 Paris 17 - Chef Rudy Langlais","og_description":"Tout pr\u00e8s des Champs-\u00c9lys\u00e9es, La Sc\u00e8ne Th\u00e9l\u00e8me est un spot unique \u00e0 Paris. Restaurant \u00e9toil\u00e9 et th\u00e9\u00e2tre. Chef: Rudy Langlais. R\u00e9sas 01-773-760-99.","og_url":"https:\/\/www.lascenetheleme.fr\/en\/","og_site_name":"La Sc\u00e8ne Th\u00e9l\u00e8me","article_publisher":"https:\/\/www.facebook.com\/lascenetheleme","article_modified_time":"2026-03-13T10:29:32+00:00","og_image":[{"url":"https:\/\/www.lascenetheleme.fr\/wp-content\/uploads\/2022\/06\/download.png","type":"","width":"","height":""}],"twitter_card":"summary_large_image","twitter_misc":{"Estimated reading time":"3 minutes"},"schema":{"@context":"https:\/\/schema.org","@graph":[{"@type":"WebPage","@id":"https:\/\/www.lascenetheleme.fr\/en\/en\/","url":"https:\/\/www.lascenetheleme.fr\/en\/en\/","name":"\u2192 La Sc\u00e8ne Th\u00e9l\u00e8me - Restaurant \u00e9toil\u00e9 \u00e0 Paris 17 - Chef Rudy Langlais","isPartOf":{"@id":"https:\/\/www.lascenetheleme.fr\/#website"},"primaryImageOfPage":{"@id":"https:\/\/www.lascenetheleme.fr\/en\/#primaryimage"},"image":{"@id":"https:\/\/www.lascenetheleme.fr\/en\/#primaryimage"},"thumbnailUrl":"https:\/\/www.lascenetheleme.fr\/wp-content\/uploads\/2022\/06\/download.png","datePublished":"2022-03-15T18:05:30+00:00","dateModified":"2026-03-13T10:29:32+00:00","description":"Tout pr\u00e8s des Champs-\u00c9lys\u00e9es, La Sc\u00e8ne Th\u00e9l\u00e8me est un spot unique \u00e0 Paris. Restaurant \u00e9toil\u00e9 et th\u00e9\u00e2tre. Chef: Rudy Langlais. R\u00e9sas 01-773-760-99.","breadcrumb":{"@id":"https:\/\/www.lascenetheleme.fr\/en\/#breadcrumb"},"inLanguage":"en-GB","potentialAction":[{"@type":"ReadAction","target":["https:\/\/www.lascenetheleme.fr\/en\/"]}]},{"@type":"ImageObject","inLanguage":"en-GB","@id":"https:\/\/www.lascenetheleme.fr\/en\/#primaryimage","url":"https:\/\/www.lascenetheleme.fr\/wp-content\/uploads\/2022\/06\/download.png","contentUrl":"https:\/\/www.lascenetheleme.fr\/wp-content\/uploads\/2022\/06\/download.png"},{"@type":"BreadcrumbList","@id":"https:\/\/www.lascenetheleme.fr\/en\/#breadcrumb","itemListElement":[{"@type":"ListItem","position":1,"name":"Homepage","item":"https:\/\/www.lascenetheleme.fr\/"},{"@type":"ListItem","position":2,"name":"Homepage"}]},{"@type":"WebSite","@id":"https:\/\/www.lascenetheleme.fr\/en\/#website","url":"https:\/\/www.lascenetheleme.fr\/en\/","name":"La Sc\u00e8ne Th\u00e9l\u00e8me","description":"","publisher":{"@id":"https:\/\/www.lascenetheleme.fr\/en\/#organization"},"potentialAction":[{"@type":"SearchAction","target":{"@type":"EntryPoint","urlTemplate":"https:\/\/www.lascenetheleme.fr\/en\/?s={search_term_string}"},"query-input":{"@type":"PropertyValueSpecification","valueRequired":true,"valueName":"search_term_string"}}],"inLanguage":"en-GB"},{"@type":"Organization","@id":"https:\/\/www.lascenetheleme.fr\/en\/#organization","name":"La Sc\u00e8ne Th\u00e9l\u00e8me","url":"https:\/\/www.lascenetheleme.fr\/en\/","logo":{"@type":"ImageObject","inLanguage":"en-GB","@id":"https:\/\/www.lascenetheleme.fr\/en\/#\/schema\/logo\/image\/","url":"https:\/\/www.lascenetheleme.fr\/wp-content\/uploads\/2022\/09\/picto-thelem.svg","contentUrl":"https:\/\/www.lascenetheleme.fr\/wp-content\/uploads\/2022\/09\/picto-thelem.svg","width":1,"height":1,"caption":"La Sc\u00e8ne Th\u00e9l\u00e8me"},"image":{"@id":"https:\/\/www.lascenetheleme.fr\/en\/#\/schema\/logo\/image\/"},"sameAs":["https:\/\/www.facebook.com\/lascenetheleme","https:\/\/www.instagram.com\/lascenetheleme\/","https:\/\/www.youtube.com\/channel\/UCbf3sqq557yeXEi24RPp9vg"]}]}},"_links":{"self":[{"href":"https:\/\/www.lascenetheleme.fr\/en\/wp-json\/wp\/v2\/pages\/5","targetHints":{"allow":["GET"]}}],"collection":[{"href":"https:\/\/www.lascenetheleme.fr\/en\/wp-json\/wp\/v2\/pages"}],"about":[{"href":"https:\/\/www.lascenetheleme.fr\/en\/wp-json\/wp\/v2\/types\/page"}],"author":[{"embeddable":true,"href":"https:\/\/www.lascenetheleme.fr\/en\/wp-json\/wp\/v2\/users\/1"}],"replies":[{"embeddable":true,"href":"https:\/\/www.lascenetheleme.fr\/en\/wp-json\/wp\/v2\/comments?post=5"}],"version-history":[{"count":213,"href":"https:\/\/www.lascenetheleme.fr\/en\/wp-json\/wp\/v2\/pages\/5\/revisions"}],"predecessor-version":[{"id":6027,"href":"https:\/\/www.lascenetheleme.fr\/en\/wp-json\/wp\/v2\/pages\/5\/revisions\/6027"}],"wp:attachment":[{"href":"https:\/\/www.lascenetheleme.fr\/en\/wp-json\/wp\/v2\/media?parent=5"}],"curies":[{"name":"wp","href":"https:\/\/api.w.org\/{rel}","templated":true}]}}